{"id":3027,"date":"2024-02-29T14:42:52","date_gmt":"2024-02-29T13:42:52","guid":{"rendered":"https:\/\/zenderbaas.nl\/ueber-uns\/"},"modified":"2026-01-03T02:19:38","modified_gmt":"2026-01-03T01:19:38","slug":"ueber-uns","status":"publish","type":"page","link":"https:\/\/zenderbaas.nl\/de\/ueber-uns\/","title":{"rendered":"\u00dcber uns"},"content":{"rendered":"<p><div class=\"fusion-fullwidth fullwidth-box fusion-builder-row-1 fusion-flex-container has-pattern-background has-mask-background nonhundred-percent-fullwidth non-hundred-percent-height-scrolling fusion-animated\" style=\"--awb-border-radius-top-left:0px;--awb-border-radius-top-right:0px;--awb-border-radius-bottom-right:0px;--awb-border-radius-bottom-left:0px;--awb-padding-top:9vw;--awb-padding-bottom:9vw;--awb-padding-top-small:20vw;--awb-padding-bottom-small:17vw;--awb-background-color:var(--awb-color4);--awb-background-image:linear-gradient(180deg, hsla(var(--awb-color7-h),var(--awb-color7-s),var(--awb-color7-l),calc(var(--awb-color7-a) - 85%)) 0%,hsla(var(--awb-color7-h),var(--awb-color7-s),var(--awb-color7-l),calc(var(--awb-color7-a) - 55%)) 100%);--awb-flex-wrap:wrap;--awb-animation-color:var(--awb-color7);\" data-animationType=\"revealInLeft\" data-animationDuration=\"1.3\" data-animationOffset=\"top-into-view\" ><div class=\"fusion-builder-row fusion-row fusion-flex-align-items-stretch fusion-flex-justify-content-center fusion-flex-content-wrap\" style=\"max-width:calc( 1200px + 0px );margin-left: calc(-0px \/ 2 );margin-right: calc(-0px \/ 2 );\"><div class=\"fusion-layout-column fusion_builder_column fusion-builder-column-0 fusion-flex-column fusion-animated\" style=\"--awb-bg-size:cover;--awb-width-large:77.24%;--awb-margin-top-large:0px;--awb-spacing-right-large:0px;--awb-margin-bottom-large:0px;--awb-spacing-left-large:0px;--awb-width-medium:77.24%;--awb-order-medium:0;--awb-spacing-right-medium:0px;--awb-spacing-left-medium:0px;--awb-width-small:100%;--awb-order-small:0;--awb-spacing-right-small:0px;--awb-spacing-left-small:0px;\" data-animationType=\"fadeInUp\" data-animationDuration=\"1.3\" data-animationDelay=\"1.0\" data-animationOffset=\"top-into-view\"><div class=\"fusion-column-wrapper fusion-column-has-shadow fusion-flex-justify-content-flex-start fusion-content-layout-column\"><div class=\"fusion-title title fusion-title-1 fusion-sep-none fusion-title-center fusion-title-text fusion-title-size-one\" style=\"--awb-text-color:var(--awb-color1);--awb-margin-top:0px;--awb-margin-bottom:0px;\"><h1 class=\"fusion-title-heading title-heading-center\" style=\"margin:0;text-transform:none;\">\u00dcber uns<\/h1><\/div><\/div><\/div><\/div><\/div><div class=\"fusion-fullwidth fullwidth-box fusion-builder-row-2 fusion-flex-container has-pattern-background has-mask-background nonhundred-percent-fullwidth non-hundred-percent-height-scrolling\" style=\"--awb-border-radius-top-left:0px;--awb-border-radius-top-right:0px;--awb-border-radius-bottom-right:0px;--awb-border-radius-bottom-left:0px;--awb-padding-top:120px;--awb-padding-bottom:120px;--awb-padding-top-medium:80px;--awb-padding-bottom-medium:80px;--awb-padding-bottom-small:80px;--awb-margin-bottom:-70px;--awb-background-color:#ffffff;--awb-flex-wrap:wrap;\" ><div class=\"fusion-builder-row fusion-row fusion-flex-align-items-flex-start fusion-flex-justify-content-center fusion-flex-content-wrap\" style=\"max-width:calc( 1200px + 90px );margin-left: calc(-90px \/ 2 );margin-right: calc(-90px \/ 2 );\"><div class=\"fusion-layout-column fusion_builder_column fusion-builder-column-1 fusion_builder_column_4_5 4_5 fusion-flex-column fusion-animated\" style=\"--awb-bg-size:cover;--awb-width-large:80%;--awb-margin-top-large:0px;--awb-spacing-right-large:45px;--awb-margin-bottom-large:0px;--awb-spacing-left-large:45px;--awb-width-medium:80%;--awb-order-medium:0;--awb-spacing-right-medium:45px;--awb-spacing-left-medium:45px;--awb-width-small:100%;--awb-order-small:0;--awb-spacing-right-small:45px;--awb-margin-bottom-small:20px;--awb-spacing-left-small:45px;\" data-animationType=\"fadeInUp\" data-animationDuration=\"1.3\" data-animationOffset=\"top-into-view\"><div class=\"fusion-column-wrapper fusion-column-has-shadow fusion-flex-justify-content-flex-start fusion-content-layout-column\"><div class=\"fusion-text fusion-text-1\"><p>Wir von Zenderbaas ver\u00e4ndern die Art und Weise, wie Botschaften in \u00f6ffentlichen R\u00e4umen, Gesch\u00e4ften und mehr kommuniziert werden, mit modernsten Digital Signage-L\u00f6sungen. Unser Ziel ist es, allen Entscheidungstr\u00e4gern &#8211; vom Gastgewerbe \u00fcber das Gesundheitswesen bis hin zum Bildungswesen &#8211; benutzerfreundliche Technologien an die Hand zu geben, mit denen man nicht nur informieren und anleiten, sondern auch neue Einnahmequellen erschlie\u00dfen kann. Unsere Dienstleistungen reichen von der Bereitstellung hochentwickelter Medienplayer und Content-Management-Software bis hin zur Erstellung und Verwaltung einpr\u00e4gsamer visueller Inhalte. Dar\u00fcber hinaus bieten wir einzigartige M\u00f6glichkeiten f\u00fcr den Anzeigenverkauf, die es unseren Kunden erm\u00f6glichen, ihre Reichweite und ihren Umsatz zu steigern.<\/p>\n<\/div><\/div><\/div><div class=\"fusion-layout-column fusion_builder_column fusion-builder-column-2 fusion_builder_column_1_2 1_2 fusion-flex-column fusion-animated\" style=\"--awb-bg-size:cover;--awb-width-large:50%;--awb-margin-top-large:0px;--awb-spacing-right-large:45px;--awb-margin-bottom-large:0px;--awb-spacing-left-large:45px;--awb-width-medium:50%;--awb-order-medium:0;--awb-spacing-right-medium:45px;--awb-spacing-left-medium:45px;--awb-width-small:100%;--awb-order-small:0;--awb-spacing-right-small:45px;--awb-margin-bottom-small:20px;--awb-spacing-left-small:45px;\" data-animationType=\"fadeInUp\" data-animationDuration=\"1.3\" data-animationOffset=\"top-into-view\"><div class=\"fusion-column-wrapper fusion-column-has-shadow fusion-flex-justify-content-flex-start fusion-content-layout-column\"><div class=\"fusion-image-element \" style=\"--awb-caption-title-font-family:var(--h2_typography-font-family);--awb-caption-title-font-weight:var(--h2_typography-font-weight);--awb-caption-title-font-style:var(--h2_typography-font-style);--awb-caption-title-size:var(--h2_typography-font-size);--awb-caption-title-transform:var(--h2_typography-text-transform);--awb-caption-title-line-height:var(--h2_typography-line-height);--awb-caption-title-letter-spacing:var(--h2_typography-letter-spacing);\"><span class=\" fusion-imageframe imageframe-none imageframe-1 hover-type-none\"><img decoding=\"async\" width=\"1030\" height=\"1030\" title=\"Zenderbaas-Profile-Tiebo\" src=\"https:\/\/zenderbaas.nl\/wp-content\/uploads\/2024\/02\/Zenderbaas-Profile-Tiebo-1030x1030.jpg\" alt class=\"img-responsive wp-image-2979\" srcset=\"https:\/\/zenderbaas.nl\/wp-content\/uploads\/2024\/02\/Zenderbaas-Profile-Tiebo-200x200.jpg 200w, https:\/\/zenderbaas.nl\/wp-content\/uploads\/2024\/02\/Zenderbaas-Profile-Tiebo-400x400.jpg 400w, https:\/\/zenderbaas.nl\/wp-content\/uploads\/2024\/02\/Zenderbaas-Profile-Tiebo-600x600.jpg 600w, https:\/\/zenderbaas.nl\/wp-content\/uploads\/2024\/02\/Zenderbaas-Profile-Tiebo-800x800.jpg 800w, https:\/\/zenderbaas.nl\/wp-content\/uploads\/2024\/02\/Zenderbaas-Profile-Tiebo-1200x1200.jpg 1200w, https:\/\/zenderbaas.nl\/wp-content\/uploads\/2024\/02\/Zenderbaas-Profile-Tiebo.jpg 1688w\" sizes=\"(max-width: 800px) 100vw, 600px\" \/><\/span><\/div><div class=\"fusion-title title fusion-title-2 fusion-sep-none fusion-title-text fusion-title-size-three\" style=\"--awb-font-size:34px;\"><h3 class=\"fusion-title-heading title-heading-left\" style=\"margin:0;text-transform:none;font-size:1em;line-height:48px;\">Tiebo Jacobs<\/h3><\/div><div class=\"fusion-text fusion-text-2 fusion-text-no-margin\"><p>Strategischer eindbaas<\/p>\n<\/div><div class=\"fusion-text fusion-text-3\"><p><a href=\"mailto:t.jacobs@zenderbaas.nl\">T.jacobs@zenderbaas.nl<\/a><\/p>\n<\/div><\/div><\/div><div class=\"fusion-layout-column fusion_builder_column fusion-builder-column-3 fusion_builder_column_1_2 1_2 fusion-flex-column fusion-animated\" style=\"--awb-bg-size:cover;--awb-width-large:50%;--awb-margin-top-large:0px;--awb-spacing-right-large:45px;--awb-margin-bottom-large:0px;--awb-spacing-left-large:45px;--awb-width-medium:50%;--awb-order-medium:0;--awb-spacing-right-medium:45px;--awb-spacing-left-medium:45px;--awb-width-small:100%;--awb-order-small:0;--awb-spacing-right-small:45px;--awb-margin-bottom-small:20px;--awb-spacing-left-small:45px;\" data-animationType=\"fadeInUp\" data-animationDuration=\"1.3\" data-animationOffset=\"top-into-view\"><div class=\"fusion-column-wrapper fusion-column-has-shadow fusion-flex-justify-content-flex-start fusion-content-layout-column\"><div class=\"fusion-image-element \" style=\"--awb-caption-title-font-family:var(--h2_typography-font-family);--awb-caption-title-font-weight:var(--h2_typography-font-weight);--awb-caption-title-font-style:var(--h2_typography-font-style);--awb-caption-title-size:var(--h2_typography-font-size);--awb-caption-title-transform:var(--h2_typography-text-transform);--awb-caption-title-line-height:var(--h2_typography-line-height);--awb-caption-title-letter-spacing:var(--h2_typography-letter-spacing);\"><span class=\" fusion-imageframe imageframe-none imageframe-2 hover-type-none\"><img decoding=\"async\" width=\"1030\" height=\"1030\" title=\"Zenderbaas-Profile-Raymondo\" src=\"https:\/\/zenderbaas.nl\/wp-content\/uploads\/2024\/02\/Zenderbaas-Profile-Raymondo-1030x1030.jpg\" alt class=\"img-responsive wp-image-2977\" srcset=\"https:\/\/zenderbaas.nl\/wp-content\/uploads\/2024\/02\/Zenderbaas-Profile-Raymondo-200x200.jpg 200w, https:\/\/zenderbaas.nl\/wp-content\/uploads\/2024\/02\/Zenderbaas-Profile-Raymondo-400x400.jpg 400w, https:\/\/zenderbaas.nl\/wp-content\/uploads\/2024\/02\/Zenderbaas-Profile-Raymondo-600x600.jpg 600w, https:\/\/zenderbaas.nl\/wp-content\/uploads\/2024\/02\/Zenderbaas-Profile-Raymondo-800x800.jpg 800w, https:\/\/zenderbaas.nl\/wp-content\/uploads\/2024\/02\/Zenderbaas-Profile-Raymondo-1200x1200.jpg 1200w, https:\/\/zenderbaas.nl\/wp-content\/uploads\/2024\/02\/Zenderbaas-Profile-Raymondo.jpg 1688w\" sizes=\"(max-width: 800px) 100vw, 600px\" \/><\/span><\/div><div class=\"fusion-title title fusion-title-3 fusion-sep-none fusion-title-text fusion-title-size-three\" style=\"--awb-font-size:34px;\"><h3 class=\"fusion-title-heading title-heading-left\" style=\"margin:0;text-transform:none;font-size:1em;line-height:48px;\">Raymondo Jacobs<\/h3><\/div><div class=\"fusion-text fusion-text-4 fusion-text-no-margin\"><p>Verwaltung eindbaas<\/p>\n<\/div><div class=\"fusion-text fusion-text-5\"><p><a href=\"mailto:r.jacobs@zenderbaas.nl\">R.jacobs@zenderbaas.nl<\/a><\/p>\n<\/div><\/div><\/div><\/div><\/div><\/p>\n","protected":false},"excerpt":{"rendered":"","protected":false},"author":3,"featured_media":0,"parent":0,"menu_order":0,"comment_status":"closed","ping_status":"closed","template":"100-width.php","meta":{"footnotes":""},"class_list":["post-3027","page","type-page","status-publish","hentry"],"_links":{"self":[{"href":"https:\/\/zenderbaas.nl\/de\/wp-json\/wp\/v2\/pages\/3027","targetHints":{"allow":["GET"]}}],"collection":[{"href":"https:\/\/zenderbaas.nl\/de\/wp-json\/wp\/v2\/pages"}],"about":[{"href":"https:\/\/zenderbaas.nl\/de\/wp-json\/wp\/v2\/types\/page"}],"author":[{"embeddable":true,"href":"https:\/\/zenderbaas.nl\/de\/wp-json\/wp\/v2\/users\/3"}],"replies":[{"embeddable":true,"href":"https:\/\/zenderbaas.nl\/de\/wp-json\/wp\/v2\/comments?post=3027"}],"version-history":[{"count":5,"href":"https:\/\/zenderbaas.nl\/de\/wp-json\/wp\/v2\/pages\/3027\/revisions"}],"predecessor-version":[{"id":4052,"href":"https:\/\/zenderbaas.nl\/de\/wp-json\/wp\/v2\/pages\/3027\/revisions\/4052"}],"wp:attachment":[{"href":"https:\/\/zenderbaas.nl\/de\/wp-json\/wp\/v2\/media?parent=3027"}],"curies":[{"name":"wp","href":"https:\/\/api.w.org\/{rel}","templated":true}]}}